{"id":672,"date":"2021-08-29T12:57:03","date_gmt":"2021-08-29T17:57:03","guid":{"rendered":"https:\/\/curimana.marcafab.com\/?post_type=product&#038;p=672"},"modified":"2023-11-16T09:54:38","modified_gmt":"2023-11-16T14:54:38","slug":"moshi","status":"publish","type":"product","link":"https:\/\/banaqui.pe\/en\/product\/moshi\/","title":{"rendered":"Moshi"},"content":{"rendered":"<p>Las semillas tienen poder. Pueden transformar el cuerpo en \u00e1rbol, la rama en nido; el tallo en flor, donde el colibr\u00ed esmeralda salpicar\u00e1 su pico con delicado n\u00e9ctar de la selva. Las semillas pueden transformar un alimento noble en un superalimento.<\/p>\n<p>Cultivado en las generosas tierras del Curiman\u00e1, nuestras semillas de cacao se transforman hoy en nibs de cacao, un alimento rico en antioxidantes, magnesio y una excelente fuente de calcio.<\/p>\n<h5>Mosh\u00ed: Peque\u00f1os trozos \u2014 en el lenguaje shipibo<\/h5>","protected":false},"excerpt":{"rendered":"<p>Presentaci\u00f3n: 250 gr. (unidad) \/\/<br \/>\n12 unidades de 250 gr. (caja)<\/p>","protected":false},"featured_media":2150,"comment_status":"open","ping_status":"closed","template":"","meta":{"_acf_changed":false},"product_brand":[],"product_cat":[28],"product_tag":[],"class_list":{"0":"post-672","1":"product","2":"type-product","3":"status-publish","4":"has-post-thumbnail","6":"product_cat-nibs-de-cacao","8":"first","9":"instock","10":"sale","11":"shipping-taxable","12":"purchasable","13":"product-type-variable"},"acf":[],"_links":{"self":[{"href":"https:\/\/banaqui.pe\/en\/wp-json\/wp\/v2\/product\/672","targetHints":{"allow":["GET"]}}],"collection":[{"href":"https:\/\/banaqui.pe\/en\/wp-json\/wp\/v2\/product"}],"about":[{"href":"https:\/\/banaqui.pe\/en\/wp-json\/wp\/v2\/types\/product"}],"replies":[{"embeddable":true,"href":"https:\/\/banaqui.pe\/en\/wp-json\/wp\/v2\/comments?post=672"}],"wp:featuredmedia":[{"embeddable":true,"href":"https:\/\/banaqui.pe\/en\/wp-json\/wp\/v2\/media\/2150"}],"wp:attachment":[{"href":"https:\/\/banaqui.pe\/en\/wp-json\/wp\/v2\/media?parent=672"}],"wp:term":[{"taxonomy":"product_brand","embeddable":true,"href":"https:\/\/banaqui.pe\/en\/wp-json\/wp\/v2\/product_brand?post=672"},{"taxonomy":"product_cat","embeddable":true,"href":"https:\/\/banaqui.pe\/en\/wp-json\/wp\/v2\/product_cat?post=672"},{"taxonomy":"product_tag","embeddable":true,"href":"https:\/\/banaqui.pe\/en\/wp-json\/wp\/v2\/product_tag?post=672"}],"curies":[{"name":"wp","href":"https:\/\/api.w.org\/{rel}","templated":true}]}}