{"id":670,"date":"2021-08-29T12:43:48","date_gmt":"2021-08-29T17:43:48","guid":{"rendered":"https:\/\/curimana.marcafab.com\/?post_type=product&#038;p=670"},"modified":"2023-11-16T09:53:25","modified_gmt":"2023-11-16T14:53:25","slug":"cafe-joshin","status":"publish","type":"product","link":"https:\/\/banaqui.pe\/en\/product\/cafe-joshin\/","title":{"rendered":"Caf\u00e9 Joshin"},"content":{"rendered":"<p>Josh\u00edn es un color primario, como la sangre de nuestras venas; como las plumas encendidas del shahuan, el rey de las aves; como el sol al atardecer en la inmensa selva. Rojos son los frutos que se transforman en el mejor caf\u00e9 de tradici\u00f3n cultivado cerca al r\u00edo Aguayt\u00eda, testigos del chapoteo del delf\u00edn rosado y el canto del zorzal. Rojo el guacamayo, rojo el interior del \u00e1rbol madre, rojo el fuego primigenio que maravill\u00f3 a nuestros ancestros, rojo el delicado tono de nuestro caf\u00e9 en la superficie de cada taza.<\/p>\n<p>Josh\u00edn, nuestro caf\u00e9 especial, de secado lento en bandejas de madera es un ejemplar \u00fanico en sabor y aroma. Tostado con sutileza al color caramelo oscuro exhibe su exquisito aroma a frutos rojos y sabor chocolate. Prueba y disfruta del caf\u00e9 Josh\u00edn desde el coraz\u00f3n del bosque tropical.<\/p>\n<h5>Josh\u00edn (adj.): Rojo \u2014 en el lenguaje shipibo<br \/>\nShahuan: Guacamayo rojo \u2014 leyenda de Yoashico<\/h5>","protected":false},"excerpt":{"rendered":"<p><!--(figmeta)eyJmaWxlS2V5IjoibXozSlNMV0NCdWNpMkNpODR3MDZRMSIsInBhc3RlSUQiOjExODkzODU1NjcsImRhdGFUeXBlIjoic2NlbmUifQo=(\/figmeta)--><!--(figma)ZmlnLWtpd2kKAAAAtCQAALV7f5wkSVVnRFZV\/5iemf39gxURERERdXd22V0QkaysrO6crqrMzczqnlmRIrsquzt36heVVT3TKyLuISKuiIjKIXLAcYjIISIicojKeeopIuJvRFTEO++X53l3nud53n3fi8gf1T3rx3+cz2c6Xrx48eLFi\/devIjIeptsx2kaHcTh8TQW4oaLrtPpBaHphwL\/Om7D7llbZmfTDlCV3cD2S3WDqe1OA3AlcDY7ZgtQNQgvt2wANQZ6gU28VpiWOfeCbcfr+XbLNannascNneblXrDldluNXtfb9M0G9V\/TYK\/hdqi+ntV9u+nbwRZQZwLL7tg9oL2t3kNd278M5EYZ6dtei5BnG06zifKc1XLsTtir+xjdMgOS7bx5LUkxnUuABRFLs9+HWoDybbPRczvMQnBl13dCkkZ2JoPYO4zSGGQWmkKbZgOitrvDoNxNxoNkfOAvhkTTcTsP276LBuE2uJ04KL3fgUYbKNFwrW4b8gGUltnZMQNAxqbvdj0AlaZvtomuWnfdlm12eq5n+2bouB0gazu2Fbo+oBXSM8rVlsNs1+xWy\/ECAtd9EGEBeYXO+PZmt2X6Pc9tXd5kJhsYqtOwG1BcQXc2tC+RSOeClmMR4nxwuV13abVvcDoYrMPYG4PQsbZJVTcFW6Zn93adcKun+95suZ0OeLKAt1hkWfWWa22jduuu09hkK7kNvNo009uDw2ga7ybzwzC+NldKWgse6pq+jVZRzEc2HLPtsgkaoe+wxLAhVCt5teHu0tSq15tazTN9s9WCMcJe2j3f2dwiQVaW0S27SdjV+jAeD9pYNkzBM4OgF26B6SaZIpzFb7MDyIbpb9s0otHutkJHGWCF1gKqrnd9aqpabsvNa7UWjct9VgIYE0O8eujRcKEd1NdUl6y6DjPzWybxPhO4zbDHPFDb2DL9Rl5jw7d9Wy3ROfuS1eoGymDOb3UJd0Nght3cim7kUQDc1Oq2nY4bOCENcbMXJWO9EKuB23JI4wLKabA7KVGBkTmKStYHzBcgoaB0MjfgKjkORHr9qk7b5JnV4EIXHQArzgihKehHw1gpHbHFt0OL9d10aHqy6bR4kNDh9azY+\/txXwtadWByPiKLCRNAo2j4rldUZdOFA2ABOw3YYpfkMuqmtb2MqpAFWuznKy7sw1FhTnQ9+B5K2XJ3GYAIoZIhgCG0epbpkfdWi1qv6foWx4YaMW3E\/cksmieTMfpkEQAjY1mhTsAS03W27cLIjM5itBfPuuNknqKPb9I0hOdcslsBAAmJEPtIL4Y1GafzWWnRsJjAC2pncWXbpIBnYAyt0kpgmTyBahMcGz3Vo6YrTL0SzGeTK7E5TA7G6JAzEwgDDkdt6XZDDRqK2IqmGD6bH6bCqy1zbzZM33d32YRoEhVVtR\/qOi0EVbghkFVtJj1abq3BzL1zlBbu4iQh2dqI0yxa3d6xiYfMhjbqk8kwjsbuNM7UX+12lPljIugWIEIAlkG3Hvomw8Yl9gq2Bp7+1mSWPDoZz6MhuusAUdIuLIX9z7jYRVhsOixh0Xsnns0TGDbhXA9Npa51NwzdNiCjPVmksbWYpZMZ\/L9hN00EFDQIy3cD2LHjA5b2ZZsMG4uPmoHtmYfyTEwFAcaCAaFe9Tio1FBYTgvQSpvCFHVZ3YHHTGbtZDajcXJTZPWilAzAexFV7M5mSLZiNKL0UDmlYSEYAyUKS5LsuMrwql5nEyhx0bOplMEOFYbXoO24Yl+bTmbzk8ZawWaBcIhUQVukyBDYKnh8mSG27EzRreh4sphvzpKBYlJV9ltSbCGgocy5UvTxovk8no3RBCrHY1NEfOM4J3nZFvOJH6fJo2Cdq4jFYc3kcsgcgv0fD+Mg1pOC6v3A1dEjtE1aYWnBOtRaI6dBBtOxKNpWQrvtub7J+Uw1YwMtzeNcRaeCMECZhVAMHfWvqPXJhd1C+HoYamMJJHYPbNcMK2q2S5CfUpvSlSKyJgsIMdO0tSekzTVdMbshJT2YBbpfXKTzZP8Y1Sfs6ZmW3YPLqqSrwt0CpXWOREAiyQqch+1e6ML5ed5LCBgJFsVpe8hWUKMW0FBEHMPQ4e9Kg7VML\/AT28e69CjfRV12fdYK7QUoK1bL5Vyj6tDUoxKLs26nB+tnMmE2waYXOm0bIRB12XaRMPd4noaCVUMFvbZo9wZcVQ3YkIispmqcv6yAysO8yBCz6LnW8E3ynnW0bduXs25nUN1xVWq2Ec6icZoUMt6F0Ix0J+whkiFI621eNJwAFrRjA5RNZNUoDaR3SMuavptnPJUSKoto1RJOxa5aCZMHrxWvG2wpnGa2WmAyXmsFSrFaLxA5pzOUUSuc5rRRYDJOZwuU4nSuQOSczitBsQwgypjdsITM+N24hFUsb1rC5Vxv5pE0VjO9pYzLeN5aRiqWt5VROcfb4caO1aM21O5ABoFjk9mBd\/PZ407kiC5yigLzJDtKcdRQK76Gk5bVrTsWGgSxzioS+VypatCWq9Ix9CBrz5uqRLeEqam+S7gVFb3y+mrQn02Gw0YyU34GPtpw\/57Yg0lznFB94aRzcrF4AMefx2i3L3mIr8rvLXCg\/ZhrcrOLACiNFEc1DAZ4VcjhBJsqg\/D3IbYzWZ2JdSEP8MfYw59KhD9VteOh8zXU5DH+GD5QoC4QV\/Gncog\/VeYUzCdTdOgTLHaEnE6Ul4HAaEfzWXJNyJXR3XejLkd334PCGN19AUVldA8hq6N7CFkb3UPIFS+aIZY740GMfsbBIhmIsMR0I8v10HgUDRcx+sgF5313CaMJLXWiUSxkZT8aJcNj0MuUtgkABpjM0\/4smc5RqxDtTjRLInRZjOJZ0m8mB4sZVIuNQR9ZBCzB4W1auq0Gn9sB8zDLXYNp1IedLfX1kHu4WE+9tcnQrOss\/zoMmrS4NMEyByR3OH0yjD0aFsbrW+5tRdMU9lV0gUtw3i9R9LKK4dnIwUn0ChC9vEbZHc76BNaAwmQ3Aa6U+HuZ3stiIfvDXySB2LgBsDwBKxmLk1M5sGm2fol8kmNuM47mrOA\/lR7SfjQJ64LHJFoKw\/ICwldIGpQsIMqaviFYCZwOpUerrt\/ooFwzmz61rzc6HB\/OdLptEmkDpzwT5VlsQjSlcw1Vnt9S5Q04SVB5o2ly3niTpcqbfYvLWwJVv9Xf4XPobeSYKG8Pdvl+5Q4r2KXyTiwO4Z9kWXw8vytQm\/sXbDl8g\/Jkvcd+oet3SL6nkFJQfhG2HFrKpzZCPqB8cbNl0jye1t70ac\/8kgC2hvLpSERp\/C9tIqFC+YwtVX7Zlhr3maGqf\/lDqnyWp8qvoOQa5bNbzTrVv9L1uPwqP+Tyqz3V\/25vu0N6uqeF8IHyAkqS814\/bFH9PpRUf45Z93dQ3m\/Wd6j+AEqS+8Edxee5OxAI5fPqrV1an69BSXTPR0l0X2tub9E8XmBd5EPD11lNdoQXWh7XTavrE10duy\/VLQQ3KhtNxd9u4nSJsonyAspNlPei3MKwNJ6Dkvhf3FLzwWibJE9ry71IdoOkivOhjoO9HaV70XvgQZTeRe9B4vPQRe+5d6P0L3p334cyaF1sU78QNzFE38VGQ+uy07YbdADfRUlyXGpvtwl\/udPiXOfhTnc7RPn1SFBIrhehDFB+ww4UjvLFXhASvoeS8C\/xt32qR763ReWe363TuvcDJGkoB6GSIw47nBbvY5lo\/Q52cDWB8nBHtSc7at6P7GyzvVzZ8UMf5RDlBZSjIEDkFWKMkuoTlPeinKK8D+VLUT4H5Qzl\/ShTlA+gnKMkPS1QPhflURAgZgtxFSXxu4aS+B2jJH6PoiR+34iS+L0MJfH7JpTE7+Uoid83oyR+r5BBcIEYfou0dljCxwgglv+EAOL5SgKI6bcSQFxfRQCx\/TYCiO+rCSDG304AcX4NABb1Owggzo8TQJy\/kwDi\/FoCiPN3EUCcX0cAcf5uAojz6wkgzt9DAHF+AwCW+XsJIM7fRwBx\/n4CiPMbCSDO\/5QA4vwmAojzDxBAnN9MAHH+QQKI81sA3Euc\/xkBxPmtBBDntxFAnN9OAHH+5wQQ53cQQJz\/BQHE+Z0EEOcfIoA4vwvAfcT5hwkgzu8mgDj\/CAHE+T0EEOd\/SQBxfi8BxPlHCSDO7yOAOP8YAcT5\/QCeQ5x\/nADi\/AECiPNPEECcP0gAcf5JAojzhwggzj9FAHH+MAHE+V8RQJw\/AuB+4vzTBBDnjxJAnH+GAOL8swQQ558jgDh\/jADi\/K8JIM4\/TwBx\/jcEEOdfAPAAcf5FAojzLxFAnP8tAcT5lwkgzr9CAHH+OAHE+VcJIM6fIIA4\/xoBxPmTAB4kzr9OAHH+FAHE+TcIIM6\/SQBx\/i0CiPNvE0Ccf4cA4vy7BBDn3yOAOH8aAIeo3yeAOH+GAOL8BwQQ588SQJz\/kADi\/EcEEOc\/JoA4f44A4vwnBBDnz8uTdw1IrebYrsUFIbMUy6Ccsh1Np5TkSGN\/NhlRWjaf4K9RH072hJR7x\/M4FRWpLjmEUcEjwCHVx5SRIf8aRPOIaVeRfSVDnBktShrNwSM4\/Qq5Nqexkc6lh9FgcjUFaBwmB4c4Uh8ivUPCOIjnUTIEVI0hckq5BBLHIxy5Y1xSAF6ZxyO+vFJNq0fJHk59fYLX+KJWDavfdoRx5h93yD4So1mEua2L9b0Z8RxjZNTOsDDCuIn1fKOQfVIEsmdjQonknPLsylGSJntIqqSootD36+dFLUXCnYoXyRXwHqf7k9lIvFisJqz0R8UaA+EhkuQxSf6oWI\/GwOHk4FALEDcqBNI6ZJ1YmlVxE+rlC+WbxZnZBOcMkECSjZQaAJzdZ\/VZJKxetZeJc1OaS5NbxMvF+Xg0eSSxwMXDfSOUuCpvoASxDUU2YADCqF2Jj8VAyH1gW8k43opJM2BvEKaRHMTgW0EGj5pKK6eiSpVdRVjD1StqnKGyhEYlwkNVGB1gJpLADs0KBpdZL18vqsHP9w8jSrXjWQoKmdd4IKdB4hopwe5RPMP1VxxGUD4cSVaGfCfGVy6XsCS4+R5C+hRbjawdDI+nhyn2GLkyyG+vU+wwclV128GAQEHCtX0In2vjMSnX96PhcA+3OU00pGIgzxzCKmZgfqU+uYYBXi3lBmqA\/lbKs\/PZYtxn\/jgJzvRJqSbOaXw8yPV5fqvERxjVPdxRDVLxMA5MsyFmn52uKocZHZLHGh7R9NSEsQqTV\/n\/JSGvJoM5HfsMarsMoEJAPlqVambax+kNtdX9ZJbOrUy9mHcNJlyur2ySzoSx0p+MRhEE06GhOOtdEmopIBUixj60w8rHUKeZR4Mj7XUrjXwBhGHMcHrFlKUsOBnqkMvqNypHXOnE86uT2ZVMhDGcKhpisAGPmAly2iYoLOKGFNOQpMxUhFIGx6O9yVCzT7mCcUMEGYYzJikxMHB0JQ8OyMOamA2iABSbsc0irmHwQskpcEhJcMyCf23GY4o7mKcaS07KnGUDx8ojcvrRYk7ysq8rSmOZEhVtm0YAnWLSLKgf78c4i0Opxvp+Moy34bZwmZQbeUaG7rkVIdDjSE0q8CCiFjtFZiSr2bZQGyaIjLNjmls4CRZ7dBTfAxkhxJEkO5hOxjAfNdDqYrw\/pMvnMWjKHNeStJs1xYgjYl1JbWX921EKq1BTrfQzrOIqp4u9YZIeghmNS9KGkzCORq1COhrEODlIxcH2SCbmYtKku2BOszYqE10nVu5+cBWSQuuamBYLwX1JhGXtX5\/vzoV\/EGe+1QlKC5J1UazVm58w1nibuZUkQeTmbWZ\/P43nMOzKLBokC9qTqsV+U0OR7zcr6XQWRwNQrKaHk6vQNXbKegwNDsgKQb4W0kbEPuuM9yewLx6vJeRgoQwUnQ0PO8qEGhrxUdLPHkGyezA6KPF7jLRwdOXDvME4XI3RFQrqFdXRzzYmeIHubFm7PU6O5IlBEPSogvwXdqs9GbPB1J0B1iPZTxA9YLjopXi+G5utCx0iaHs6DIXEAI\/MkISvOwQuKLPbTElw3mJQLbvTrOD+DvPIKKu6mhPXNCKjx7NTp8uHxFUtQB1bwsGMYrZT3K9jlHzWdP3ewxU3Ljlw+YhbSP2+KE8xUHPIe+IQ7DR62YP2aXIThobYSlZmGHs5mrm8H6osUFZmUJ0IORHrkKnwiGDu4A6Gr5kErmv1i7wMdvnix6CSPnthAjyw8r2tehCxkWjN5gHyKzhpiuCTLvb3cYsI5+U0hQe4W+DGEa6gEta5qKRHB+TxvPVjEVFFwkr2+WHYM2ruYk4bFGUCaEewgU6x3bpjXBJKmPbRQXMy68P76KkUEeRKCvTaIo3NvXQyXMzjOs2XkOtawJ1NPYIwnGavY9v6MtZs7ZqXAwCyxVs\/vaJhFnMS+z7BCYowEDtzd6uMF6MAjgrlpQL7r3ZO5JmpwgZkutjZDhYIRzNdW+1r3a9NKUrhie5+sb6JCIxF44QIg8icVb7XewgmWNWrcF+ol7\/BWRMIDEt7MN60sN2FJDFdLiqrofdkFLiJ9N1twhj6E5aK3Wyqh+Eq7m1cn6CafiJcQbxAbGZ+pQ1F7acqHmb7j95Fsj2ICLAOmBmtK+aUEkZ3wcNvcTeJPsX+pO\/LEaBgkdAP+LFx0YJgCngo6+1u2XCaLafV6LlNPKVSM64+8SaiviKS5qyfj4kUC3oyxwdQFA4KiIulqpHg6WzmZyG0okJxC5kU+i5mCeSRgySdDqNjNswNHIJUle0Q0nrDxUGiN\/DKlCvQG7qp3BUdrqhpedzmx8MIad6h6lCdMlJ1GOFoAe8ACM\/g1QRYSdJGPIyRFcLOqtYE4lKO0Y7o\/ILVydZWP0ZSPENh6KClYxigahamajkPezyYUoYPuWMN0n4AYULsstnaIOCO1GCfgqHnnQHA0YYe9YI1lMiVf6AbSBQtqSoARO14UnAaDTy641UI0YNNDbd7GUp9cyeXurYTJRyGSYEkLr+LGFZ4Rk6NdYP\/w8gwjN2qu7vKn2Hvpp691FlCe3IU661uMhxs8wohOYOxNnND5BwNOeoYa2I8nvkfp4nqqPKc6SESbbEiDAYU8v4pjD97\/3iJqJSqiuCBOXnlGcEbm0I9OI7YtmpUKtRzi+iyokHV8DykDFfYGlYVpNBfU5w71zSoGp6PnnkqsJ5XVOPX9hET5wDOMKCQL0gpPl3CqRGlQn0dwnR+UsUBRldU4wsH8HtEJTj6WKzLc6WqIjAj\/sKAJgexzxc11VwvdiN7TIkuTe6GU0hFbI0Q2dF+I5UK1Yg5nMMKyhvCTaexitymnk7qqu0ElDcvIRRRsxjeVdqEYm85hVTEmziulKPIreW6ItkqHX5uy2DV5MBCooNZND0kI8FqrIvbT6AU4cUcmz1WrYs7TuIU6TaFPQdeMeNzCQjvXMYostYowSq1EhQgeRIKXVPN7RQufiXWp\/Z1cVe5rkg6czhoiNTmCsYGyReU64rEPcy\/J8JigAVv+E8WT74eXnXxUMNAJm5xxuIp4gtLVUXwkMJY0VQ8VTwlr6hGX9X5a6mniS8qaqo5IBGZ11YugHiGeOp10KpDmLfsZN82PVN88SmkIu4S3kI0ELeLp2Wwatqhaulse6f4kmWMItvdO\/kR19PF00\/iFOmlIz12oUAo9ktPYxX55f1kOPSonopXSPmMoqraHwY1VKVQRPFlZYSi+XryEX1lsCeeWdRU84vItjtwbdwPfXkGq6Zv4MnStvcqKZ6VVVTbi2M+6KS4C5dfoWHV0kP8HSCP4E+4YFPi2eLZJ1CK8CXK34Ms6\/yQlF+5jFJ0EY1scghK4YPiQfFVyxhFtoctfqJSvxQ32fKrS3VF0VcXDzQJPDuIu4uqah+ktBNhN10V92hQNcRFGLF0BnjhBEoR7tMCbcaTUTyfHeOqXN5bRiiaA7VEGZKo7ltGKbpD+L\/+buoFIskrqvERrusIAi++Uq4rkiGjvGhA2RNIRuW6IhnTzojAf0gn20lWUW3TlBMr0g7eX8RLi6pqn+3T5UYbgbiRpBzuEZjTU0hFPJ+phZo0EbekwL1tXlUER2rh65BQKTXrD+qrLLgFLIIdO7Coi2uMvIj7UPqGqyGOU5XCspRF1vtmKR5NUoX11DUEsQXXbwSUdyjfdbxsoG5xVAtNmA7231Qm31HZM\/b\/l5PH8LXoGBvXaDQZt+hMRhPEGN+81Arxr80XEXLVguIVfCWrSTDn\/iymYIF8p0z1LWWqLdgCvAjRokzyWJnEnWGNEfQknvRK6GCIfT4ePBzPJmh6Zbmpoz+JUJ9j7OPh73Sjti5xiHBwurWJLYREF4\/gjbDUjCCfiiEuVEs4L8s9x3g9JLPDFD4q5WskYp++1aBMDp4Y4jFxiqsCvmAIsCEWCe\/jRUNhNuyLcM\/vlAiASGeiIaURmO1rs6s67M5qEZnJd+m7tUYM1SdTGhmr+jpJd5hII7HtTqateB+rV+QH8KXvXiLwKZqeoHh9QVGfzOeT0XW4fM9JmusxekNBVLQklGVMkRgi1cDkvvckTYjNZ5nk+0hb5GKYYQpbRMSJsBOQf32\/VLYN+1V3ZvBf6I4t\/y0SD6sg1avCCfg7Jd5YC1yIBRAtvLYWqEZxB\/UDMo7yz8E68EfoGWfF4rssD0+vfRY6GE0mc9xxUbB6q0zGhzAreuQYBioWY7nekqEDDphFw9uzhhA+VqB\/KEPbHF6KhnflDbx1FQ0\/nDXQvlGg352hS\/I06UMsEgPtPyWTNG+CTn8QddWYYd4mU4JYDx+TeEvm6rLd\/YxcZBegUEM5KL1D4kSJRcl8cA9Pz+gJTbrqUHUJywID12HpR\/SSBjRGaTl\/QeLNudRUBMqfl3iETtLlGPleGbPeSKlmitsXAoD\/UVAGk30kQpBKswL6fUB3JuPudIAtW7P4MS0mTA720WdqtAoft1r9AofdAFP4cYlLJxjiYTIcQKxGcoTQQLeFHygZl4eAF8+O8HRGfDHETxCjMVYRjazeLTx\/Fyj6gnZD\/CTZv4oW+p7yPRIZR8pM8puLX5K4u+LIAbHQNwS5uIgH8mL4MBnFSCtgox8pU7YjVPCfPeqnJSpZS8kZPioHMTasMddxfsGCIUlBh58t3e+p3A07g\/w5eV2jq+ekMLyPyUjfnPyyxAM81LW8d7U4CdrRllHDOo8x1QOWgGf3QYlX+skRS5LFZW54r4S56Aa6A5mDcUaAtfrFrK0QxykmDVuAMk9RmMUt5wckXv55T9CybWAGc9hXF6vbWpJ6VfyKVNcuNCPxCSk\/jmfwA0S7gTt2w6b6xi0VM\/mrOX5\/f6nhE6UVDA4ni+EgGGEzMflVluz012RKCYVKL14oPqmqxcFC501YxF9XTRCOU\/ai4VOqYZff7JriN1RV5dqo\/yarA1GFLytC8VvZuwhWl64Sfjurc8D5HViwDsdEvoELlCS1LkDS38vo4sGOVtCG+LRWEC1Ufln1SSl\/H2wgPuxyFiym5Ms6TFFoMmm\/pMhLCcRnlLg6zYJD0qSa4g8KBqnm8AQMPivzN03xWkP8obwSH4ez5OAAHvy4gRwKMYNcfxOWMAX9HxceWTKcVDxmyM\/Jowlc1D7C7L1DPOeTfv4E1oLb4u4TRMjPK\/m9GVZ0dpzL\/6dLaF5eZx6PUqSM\/0416RmXml4o\/r1uokCku0Js+gr3z1SLXnWf13Zd\/IclrNrMgf6Pkkyd0jXKq+sxJoDog5iJieLZ8j+pXjwKDx\/Ew33ktv9ZJyUtqDIVH5fyvxCh1pyHbRymd7xDl5VI9Ej5fy3ln0vynRZyQ176v5Hiv+JJ9dSL5Rul+AvaAE78oPGs+G+0zhQxaVODZ8BcxV8WOBvBBpj\/XmAgnN7bPiPF\/yjw3BtJH475\/7PAor\/C\/ZUanZxce8a6+F+5Z6AzLqTfKuVfF8YBHDxtfODhPmAuXm2I\/71Mjne7t0v5NxKtnPDZ48WoiQMZ9A65xP+R8GF4hrXsTn9byGbBwLELMP8Ubij\/bxZGr\/OQ+yYp\/q7oSgrMLzs\/LcX\/k8MTt5WfRY6PK2slGnHIRPsrpPXGIj391vGY0ce64VWgf6WFlG5BF8x\/iUyeP9XgBJpWM0X+Ll9p0Lcy\/UMXCQRCEYwekk4we+T6gMHsW\/HqMDiI523QDTA6bEu8SuPYvVIYqfw2YwjDyXKLdShZUXja1trxeKFc4y+k\/HbIp1VJ7Y14P4Urydcso5FZpOJzUn7HMtpMU9j5CLVUfF7Kx3ETXGpFJ1zvktk2k3g4QODHSuxzPFwmLNiAPiPR9\/d\/Jk8QN4hrRV0Fj7GOWH2sCLaCaLiT9ags9VBovMMhjVYwbq\/nWGtVeRVG2GUFsQpxR61+K6N\/AiNUW65yQ8dmCLlBv8SmRhqlrNkQhg4+pqUfXjWPk2SYx1SjOmom2PAmw3kyBWgkoGBGf84TOmlEohpe9my8vTj8oa+wPHp4kPr7V8MK6L2m4mhbtUtuhPfKFt3Ly6yxgXlljQY0k2JTwIKZSDAknPIJQxV0OtVICKwWLBUb0gih3BZskBjjkWUIEOoCt73FEPGSZ\/V3ElPk8wx7QCs+iocg4U9iOgv+gQJe8hSnsfJWA4aNC2Lq\/Qo8zV2nt1EvBsA7tN+wffUE0e0UFel0GnhEBoT33F5LfTBdaWWs8VLUMvm3VUL3yWhkziXDFG\/yrEu16WHGyjwhFOzplXiqVA0pnFUuPyjl\/W2mNVaSgk8INNJVzDNHLeWlUF\/eUEpLK1fi8k5dvc7mWyvSpyIBXsllMZmlMM4VZB3YH5YQkypwIUhxVDQKTFmKpYNitaApBixJcd0kjp6YKTCjndls0YtthlHngDUEZspJKVE6kdGun86MzxQDnjp2bCh5m0i3qB3vKGdherNIESABVceyc7mS4BiljcyojLUH40xQOgMWD3N4StSr0lAnFlHbti\/XXdMnm4SBbncQcHr8QyQ8p\/InDvJS3b3UUy+Mhhfch6IS7DqhtdXz+Occ1e1irQ166KQ4gSdwiWVirB7rNbDBLQit8jnDUJ+v8WUN1tTYSeKrlAvCcvvR+ChKafPI9rCHhZziHDeEyo5AB10ZXG\/EpEt6l6moTpuKW5V\/W0ys1M+LnyWkamemrUmf1wS6NEpo5EpqXelDu4dPcrSGSf+KkPQNFzaRKWsc\/QNeGy\/TsOS9BvT6HJgvmhEqZeAgocxFSP40CJAeQR5O5ul0MtdVI70aTTWcrVreWYWi2kTVNNXfx2CamYxT+Ktuq+pudUTOKe7S584Ad02iBl2ncFgc\/RDfoEtjD44b4Doxpn0Hw+nRU\/EmA+E2N+viIkYYTdff1cbl2zu2H5AVSVxwcbD00HuP01VsKBhhFc+warA3I7SO46t5xTglY4NkrADKZgMM5pKkW4rSGXfiqyemgEkNcuHeYggEuhR3XFh5Tskooyauq8tyefSuC6OnX584pvp1njDrrq9AabntthOqirHcdTs+3qc8D645ZS5vx7ywFAeQi27ijDkCUTqPRlNUKgEJqQ8gMN10SSiJm9Z5pjjFXbwVijmNDsAG93zvMESlzL6KpYNB5vwre8u6zJbTwY52DSZupEyfG3Alm5q6jMFqnR6aJLqOoEEukWaqhUjFu7AXLQnJfoXTeuGhtSTNuDVJl4ol1nIFnXJ9peKdhlxFG5Ik9QUFJRG4WtoQcoc2n1LupAM4boWi4RDGDpIuAjE6E2Pj9qWfXObEGNHQ8bXS13fCVWwTB7HaBmoUmDiAvQ6WNeL483pDrKZZVMHxbG2yh4GOIK9YleuDmOJiR\/E8A7uEqXKUScUbDLmhVJVFFpxIDfpseDkOpOKNhjyHoWaQdkOcZ91nNNoT4BY3LOG968QCdA\/FjfOMJGPfII3BvW+aolYsfirebcib+yVtv8cQtxwt6fm9Bt7Ao\/EuLptotW6jL\/Kb2B4DrBqMQYrbA0wYaR3erR9axHi2MoxU72cdHUNx3Qzrhy0SwuL1SfMBDLk3hD45TdRWivWyOOD7sZoWiNQSqb0mhKnN+BBlwKy8CIqjdZVz4P14hKQGg7dT8DGgITznAs\/VyhwQ6XhVVDFQnXLNGtYKK1afTaJBH\/qFSy1bzrIkH4T1MxfxIXhmpjfjLloIRA5Z7mtA0wxUxsXExR9JWYXE2lBT8T5D1lgF4ppcodNLNNTGtBr1cUmQiqpYS+lAHcT8BouW9awe0rDPE2eyuoUTHmbD6OeLDf4MBiLUxFkGtYKRfHAVFzYU3MDwvBrYi46H0AMQN6RLy5pA0Pcb8sbSRPIV\/IAhbtoHpx3cOGDqmO\/NzN3B0sAO4J3H7mKeJoPYHveHcATkRhQCsGS3MKEHFcKBQ3ErbrKQz8HMhogcw+54MAlwjL0iPmLI2xnlxyXUHXvZoqXiw4a8E76n3DyIX7qIsSHo5H9VPInHqWNz6x8GkwVui5oQWE39rkayv28dLiibWS\/ND74tVbhfyb8U66AZC4jQwUkFC11VsF6Zmqo5KXslVCoQ4vrEPTX5RQGzDw8xT0JhiFVsxwkpCqu2lcCPZ\/3DYwwh16anceskarZGRnUMaTJh0aocCVYEafWM8HqG0EzVOg1DVNX\/DzgSAADtmXuUleV1xvd35sIdEQa5ywGV4SKIKBRx5vBFDFHjBcV4SU3LBEZCQtAgeGFZfdVhQERLG0VFUke8oNYaFXVRA\/ipoCzUSKJWLV7Ga1RoxGvVqOnv2d+Z4W1XV7va1f+as9bL85z32Xu\/e7+37ztDkhSswrpuev6W33fstty2r1tmrY3df7rokGOmH3vqlCMWzpwzbsqciYeeN3bCiQdbL6t5sdCzt1VWJmYFq0yqjjxr5sKfNs5bYNVJx4vNrJP1sJ5miXlYG2KVhappDbMbiwfvsegq4OOwVyKHXuLjLnrqySfbmjrOU6CCBxqqQEfPW9A4f17D3OIJ8+ZeUJzSMO\/chnOs2v7nYa9KSPDGyvvGKXZCkt2qpjSc+dgdxW\/Nf+ymH86Z2VAcXTylYf6cxoZZxemNcxtnLmgoTpvfeA6FNsyc89i6eZOK48aPLc6eP6Y4fOG8ObMaZo0oTijmrPGc4qzGPfLMhh83jKD2Dm1pdlli9nqzWY883+XWss1TXmbF1d2su+fd+zKz0O8SevtLGmADbVBhXxtsRRtSOMCGkX6BfmkV+oeFSKzWhsN\/ZCOmTyXZs4onN56\/wE5qnL1wbsN8mz6VLvWMbusZmfx3JXf+9yV3bq8pL3RE5\/+y5Mq2OqvYLJdZuK6wxD47vcIqm+jrQIEzqqx6MAvcZOnLhWY7eXyFlEgeXD0aebEVz0XeOrdiMUokj64u5fI3RD65JPm6SC5Vf9+qT9VEaXDGpTcw5EUW5lmSFC6z1p6xkkjpz75Fyd6JlUL1X1mYb0lFoclaDo2VCvnsb0klyrQ1sVKJD7s\/qUIJL8ZKFT52uiXVhcW2+8BYqZZPsyUdUMKJsdIBH+XWEeX85ljpKGWSJZ1Qzn4kVjpVX2j2uSWdUXq8FCud5bOv5qDZZjFZe5QuUvqrnmZrHRIrXZUb9XRBmXtQrHST8mbu02NqrHSXgk9XlNXTY2UvxtEcKIPVP4uVHijKoBql7\/JY2VvRmJ1OKDP+LlZ6livthjL2zljppWisj4+zJVZqpDBOd5S+rbHSW8qkvJ6rv46VfZQB9ezFfltRFSt98EmnKoMl9mpNrPRFUQY9UK4eGiv9FK2Q+7QMj5X+ZZ\/OKKdMiJUBUli5vVHsyFgZqGgLVOkSW39srAyST39Lehb8pLV1D6Y7\/bYm+lJL342VokI1KzEOQoiVIfgosV5s6h5jYmUoinWVT5Ot+NtY2Q9FPjVsw6LFyv4o2UgVs9jGToyVA5SBF8PW\/fNYGYaPitGm7rgiVmqlMDU6CNmWWBle3h69UWa8Eisj5DNGuTVb1y6xMhJFue2DUlMbK6OU21hL+hR09Zzb1j0ah3S8JX01ndtjZQxKVmdJP6az9flYOQglHKGd1mStM2NlrAZhp\/VH6bEqVg7GxyZq2Rbb0g6xMk4+LNsAFBsWK4dIIeVKlHBErBwqhXEGFhbbdT+IlfFSllgyCCW9NFYmKINRmrTFNu2hWPkzFE2almDGR7EysbwEOm1WFSuH4aPTphN64dBYmSSlf+7zeV2sHC5lkiX7oiz4fqzUlbMe7IvzTVt3CQcdz0oWJ3svVibLgQkYxOKkDbGS4pOX2WRZMVa+hZKXybKtiJUj2stssmIWK1PwUcra0R0HxMqRUvrLh2WbFivfljJJZ2qxfb4sVqZK4Uz1Qtn+SKx8B0XnUEvd45NYOapcqabzam2cduVofPJxuMAPiJVjpDCOrsIL01j5bjlaH5SOx8fKsfjkB4Ez9ZNYOQ4lPwjNtnlprByPkh8EtsfaWDmhPE5\/lOX3x8o0fPKD0GxP\/SZWTpRPsw4Cub0eKydJ8YPQbEd9ECvTpTDOQJTnvoqVk6WwpXQZn9YhVr5HBrpxdOU+XhMrp0jpb0kRpXJorJxa3iHy2VUbK6eVffZFGTk+Vk7PM+jYqVOS\/Gevdla42MLBFTVnLFgUNs+c\/er3rvjBC2O2fvrZyJsn31lpVS3V1pU3MN4X\/8M\/3ZLuFydmdqCNKVychCS5JLFLeVXjjYzXqsSaE1uS2NLELk\/s2sTWJk8nO7vdiuu2xJ5MCk8n9mvcq4e8nRAvfbhktnRDJR2TRSwMBS+vtzAcPLpUsJa9nVRaaxfITpQPcWmqz12b6istnOPEwsCShUNoYHo\/HiIzOkx2g9b98MYDrLRstxNrIWTaG9QYXzGYj\/oVrkXUrIhrFepEOnEFyXOSEya43mbU5OiDiZiVOBJkQyEpHsLWAmXabL70pcxwrROzB8B76iw8Dt5Yz8jbYsLiWPg4ImE9Qzgh9ezXJSt2YuwrHRm71onZLfWWfYrblczGNtUzCI9tch2B22t8OQV1F3iFI1OxzomFrRi8lCOD4QqxFpGFJUtvKDHKbqIq\/yPB83K0PhJETqJ9TVNxsxFB6paZr9FEJ2adwc1l7CdfkRNoY0oWfgIG2s80LOOHRWXiG8DJ51S4FmwiRh7cdmgj2ft0aLbsu\/S2kfAeAdKbI5JVT86ldlLsrRmEtLLm1siWGTXZwt84Vlp6vRMLLSVLwexWXEfiKpLWYZGtJkb9ZEt\/zjBgttSRmKOceGotY3PMeuPqxId\/uW4P8RQltRN91vv2uZ1I\/bDLXqe4IyHp3WVil5also2sd8C6lMjsGYzWsz\/Xg4sJfI0jM3mCE7MasBrrvWhnM6qTBZCskpLbSLasRDBIeLVk6SuUy14LVztSZm8nZqcxEkMLQzMeIraFL73oZDvIA2T4Z5xY+AIsYVRBuC4MZrhDVAO2qe\/PTU48cvYU+DI+vyjlqUIYZp9csZNQd4G5K0G4mLhhupKa9oMvr0j2KEt6KFOWriwT60wSkizBXyQcTSbHM0z6SRvJ4xAx3MkAfXALLIIT+x1GV2Jks8qkbGN3KwVb0xa+thzeydoSyYs8jdMPae\/is8qRutc4sfQ+DH5HhQ+A75TIHhI6Mu\/pPWzZjpMtXZvPf8oOBYl5gROzw3H7I26j8HgbV9svIvm+I7N2os9VFeQbiMRWouZ\/xlu7LLutTGxhWSrbYF0+7SzrtU7+dLcJ\/4\/uttU6\/tpnjElBHzmxbC\/mYxvWYKajJhJ2IH6cT5Y8QOJe7oS\/CyAaXoeCbzKyHRgR7jHIXZzfNsIHMhybdnIXC2hjnVDaSZDtdTyqQTLSgEKSvYXadiqn5514TtmWMipZEZ1eGdhS5hsPEGG2E7OR4N40MPeAmEJgoJDyEP7CT9dXTESRWm0w5kVqnIRam2N2kASI6ZktgxIoj5KEh5z4TLsBmHtAPIQMFFIeIKPdhqnPyQiCtpH8DCG1E338DSerwP1XJWIahKTtxfKSrHRE2MeJ35eZFlG4RB4Q20omGGhys5WOrOoLTvLTfRHWjBGGajG5HSG4PofyJMpD4FJCyNXn+Dgn\/KUT7EUD88FENtNxLCFIUx4g98xGJ2YsV0bTGBTEpcCoEDtIVW7D6AJ1itwKsRsYtZ20SxeUbLrsHyWIZk+3st\/Bul+d+FZ6j82mO9SJbmWXdE87SUmODzHzOLZM58R2MECXElvvGXrX1\/8\/ffD5nZEup8PHvNeJhd+AnNjwBqizHN6JiU9mB4ppI34VhLcI2Ub8ushanRCXeClbOrs3nwUNCCKQH8RnQckLs\/Zp2cq0dKeTjOQhJNmVJW0xTJ5woqeUhc000H1FdCWkGGj7ygPE4xgnvn0DzWjuIRK20DBQSHkId2h27EzSqCth1Ywrb+7hQFx5W9djF2TXf+rEMr3jL6EC4VF4OLmeQfhlYA+CGW1riTW8AfJbLALrEV7DfRQdH+Ro1cyMSNqXJf8xuD9Tdqsjg\/3Wif8uSXmo2r\/iqZuk2JNOuaY9JvtRCbvynx96IIPEHO+EHVHvBsK0SoLIC4zcgVj\/SGsi9h0l8lwH0f7J3qJ3BV\/+QL6LcrR6BCc7mRS5X8oErXWkstlOLAwG3wBr8KwrEfNMvtTlVwF7ik3ELrIDsWojvosktRN92l\/dW0aoF0K1kN11e0j763A7sa4k6aSG3iGMEn5l6VJHyqIkiC8S95OFm8AwiT0s8vN6ypCyglSuAf+aEFc6EnOmE\/81oAPs6PcqxIdXjHaSp4jUTtrLgNgjXtz68pUlwgcygaBtJAvEyh5wQmJfOLFW9li4J0f7BEFkxkA6v\/Sb0NIHHYlBVIgGmkBXkS5dmxAm4lUnFljOjI0k9Ggi6WY6udGy20vuARKNGO1Ervlh4ed49hh+TlYT5G1KWYLfqbSFMl9F519ikT0IOZEgRLeJZewlQeQx3BnKLmTKmx2JeZQTs0EgxehyCJ0U8zS+dMJVDzhLaT2x4LqwxY5s00edmH0IzsIADP7eBbHZfHmRdjlZ3Eq7hpjhfMiNsjgMZS1WA2icByGXBYLIK3Qch+W\/wMkTRMAaYraBztfgj8D1GprucsKsvlOy9DPaw\/n9lzU74kpMiE9f2I01yHxa5vtjDYn7bqhFaSPBk4TodTj8BW0ngZllkMK3OMnfaZ\/L0W4psZFEFGNGgeHaCA\/Uypz8HvnNPJlwmyNpL3JiNpUlN3CUG5HHfhHJdzi5thN9rtD20JIG\/0nwFg7+I+HeMtGd41LZBuv0WjStnr3lxDKN\/QiBQaaMrQLxJcCgCJcHiEdvJ\/nOkAHoHiIKIQOFlIewPJoeE0HbrPyYsO40MPcVebzkBppTeYBM8jYn+Y8vDBzdA6IQMlBIeQhf8eXsy5eHZVXnhP+uwu3pHNk3CCIf0iEDzbc8TOW9R3rquJvyZCB0D4iHkIFCygMsj9bCnefBWrjzCG6b63I8m7qdZPjJ4EtQHl9KUDB1ENwNhO4hohAyUEh5gO95edfVW0hYUO0JCOaQ1n0mWzgDswPA6x0RNjvJLxkMhC0VCCKBOUy3I7B70zUY3lwi5k2MeH59mWj36uctnzJZgxSOw7id3AfJ1hPiEqYp+4K4DNpaRRZv5Gh6doqkPBrDDjLgURlWO5LiQU68qpYhOVKU3aBtnbYwgN4E7H0nVuyOxZ31jmEOA4qkGxgdg4ydkv0DTVsn051Dh3Fw\/X3pcNqTqvCQMglH46bLurWSGG2EixybCs6hk3Vkswpj\/\/m4irh6lUkfoAXC6A5Y40iKTCXE0g9ot9BALkA2sUiBJoPz2UYtjoSa64T\/xgLfBIcRrlRisNV8KeHqj+hm2kQsKD+VK+jbXE8\/vhDnIycWeD\/x39Bgtg53kRb+tJqxkzXH8gARhjjx2BkGwnA\/HiL2EV+K5ZA35Vge7dx6fE9z4j\/99ZtU6L4irVwN4XRwfxAPkAn4JyeWfczd0TlH93BSy\/pg4CHxcPQ\/gOhIn7CJnF534i\/EVihj3w3sOkimq1C3\/h7yBjMY3nCC87OQP9LuZWySs+WOZNvNid9b2pRC\/6khYu\/S2ZVO4wwud0QgBCT\/ATEMg1ZwG7s\/vBUTXQVO7tho2RNg5aa8lspNCA1O+Js\/+MxGn0Cbt5ElX1Uvwij3E7lmk9noklftriATcg3s9npMvuPEr00r0sA8dUhgC8og7KThAbICTzjxN3gZCN1DRCECBgopD+FZjFe+dAhb5yS\/x3QrCf2aEtG9JYMvQXn8ry62S7ShtfFsJVk5+YBWi\/rcBguXkWG\/TczS7U4oqAll0cb8TyoFOoVyFQnv0zAIB7C8ePjbrmJACE7QwGucD7IbN+FK5kMppNw8+U56gZ42YmeUiCzyh3oLG8Fl+FzlSMCpTvSSyvOyjNNLZAvxGLrT2on5wRZZROuCLU9J\/QUZpLC\/d8JvNJCJCs+Dd9STx0sxoWjPlU9OCF+exCUMeo2GgHh9M0p5veYTQBJn1Itg8TXVMEdhPC6aM6FcRUIB16\/IkFmWB9OOKzEguM5AZWV8EK0UiKs9WyCFbC2dTRSjewdixV4Mz8o7\/qjErS3yELE+wW0X7Ze0XQgZywYxm0KyL2IwGHygRNV9nJBbf66uLiRNBi1cKuldjrhud2LpTiwHMCPciqEz9eoWhPAMktsw2i4suf30QgRSzSgn\/EIhR12HYKoXNhF7luLHkRKFlCujxlRsUT0m851YIEboQAO9RpHsZr6cDW6hraXpQaGNBLHscxoGQv7LgwogoZr2PB2ETPEQvu7r+g17qKhki7gUSfJwLGtzzP9eBjFVIQP9QU0e\/he2DU7yy10GYO4B8RAyUEh5gIw2ghi+Y2+jq41YK4vq5Jcb8x8Mr21kTxwuxGIs+6GdHLYJEpAO24TP+\/UiHjZ0ypHtgwWE8Gb\/Bg==(\/figma)-->Caf\u00e9 Ar\u00e1bica &#8211; Variedad Blend<br \/>\nPresentaci\u00f3n: 250 gr. (unidad) \/\/<br \/>\n12 unidades de 250 gr. (caja)<\/p>","protected":false},"featured_media":2148,"comment_status":"open","ping_status":"closed","template":"","meta":{"_acf_changed":false},"product_brand":[],"product_cat":[26],"product_tag":[25],"class_list":{"0":"post-670","1":"product","2":"type-product","3":"status-publish","4":"has-post-thumbnail","6":"product_cat-cafe","7":"product_tag-seleccion-del-consumidor","9":"first","10":"instock","11":"sale","12":"shipping-taxable","13":"purchasable","14":"product-type-variable"},"acf":[],"_links":{"self":[{"href":"https:\/\/banaqui.pe\/en\/wp-json\/wp\/v2\/product\/670","targetHints":{"allow":["GET"]}}],"collection":[{"href":"https:\/\/banaqui.pe\/en\/wp-json\/wp\/v2\/product"}],"about":[{"href":"https:\/\/banaqui.pe\/en\/wp-json\/wp\/v2\/types\/product"}],"replies":[{"embeddable":true,"href":"https:\/\/banaqui.pe\/en\/wp-json\/wp\/v2\/comments?post=670"}],"wp:featuredmedia":[{"embeddable":true,"href":"https:\/\/banaqui.pe\/en\/wp-json\/wp\/v2\/media\/2148"}],"wp:attachment":[{"href":"https:\/\/banaqui.pe\/en\/wp-json\/wp\/v2\/media?parent=670"}],"wp:term":[{"taxonomy":"product_brand","embeddable":true,"href":"https:\/\/banaqui.pe\/en\/wp-json\/wp\/v2\/product_brand?post=670"},{"taxonomy":"product_cat","embeddable":true,"href":"https:\/\/banaqui.pe\/en\/wp-json\/wp\/v2\/product_cat?post=670"},{"taxonomy":"product_tag","embeddable":true,"href":"https:\/\/banaqui.pe\/en\/wp-json\/wp\/v2\/product_tag?post=670"}],"curies":[{"name":"wp","href":"https:\/\/api.w.org\/{rel}","templated":true}]}}